{"id":6,"date":"2022-02-24T12:30:38","date_gmt":"2022-02-24T12:30:38","guid":{"rendered":"https:\/\/www.jestrabicamping.cz\/?page_id=6"},"modified":"2026-02-02T18:24:56","modified_gmt":"2026-02-02T18:24:56","slug":"uvod","status":"publish","type":"page","link":"https:\/\/www.jestrabicamping.cz\/","title":{"rendered":"Kemp Jest\u0159\u00e1b\u00ed 3"},"content":{"rendered":"\t\t<div data-elementor-type=\"wp-page\" data-elementor-id=\"6\" class=\"elementor elementor-6\" data-elementor-settings=\"[]\">\n\t\t\t\t\t\t\t<div class=\"elementor-section-wrap\">\n\t\t\t\t\t\t\t<section class=\"elementor-section elementor-top-section elementor-element elementor-element-4b1ef60 elementor-section-full_width elementor-section-height-default elementor-section-height-default\" data-id=\"4b1ef60\" data-element_type=\"section\" data-settings=\"{&quot;background_background&quot;:&quot;slideshow&quot;,&quot;background_slideshow_gallery&quot;:[],&quot;background_slideshow_loop&quot;:&quot;yes&quot;,&quot;background_slideshow_slide_duration&quot;:5000,&quot;background_slideshow_slide_transition&quot;:&quot;fade&quot;,&quot;background_slideshow_transition_duration&quot;:500}\">\n\t\t\t\t\t\t<div class=\"elementor-container elementor-column-gap-default\">\n\t\t\t\t\t<div class=\"elementor-column elementor-col-100 elementor-top-column elementor-element elementor-element-203217e\" data-id=\"203217e\" data-element_type=\"column\" data-settings=\"{&quot;background_background&quot;:&quot;slideshow&quot;,&quot;background_slideshow_gallery&quot;:[{&quot;id&quot;:352,&quot;url&quot;:&quot;https:\\\/\\\/www.jestrabicamping.cz\\\/wp-content\\\/uploads\\\/2025\\\/02\\\/E37F84C6-7226-4761-9C33-12BD44FE6F8B_1_105_c.jpeg&quot;},{&quot;id&quot;:349,&quot;url&quot;:&quot;https:\\\/\\\/www.jestrabicamping.cz\\\/wp-content\\\/uploads\\\/2025\\\/02\\\/7F940B63-D171-4774-AF71-E886101596BD_1_105_c.jpeg&quot;},{&quot;id&quot;:350,&quot;url&quot;:&quot;https:\\\/\\\/www.jestrabicamping.cz\\\/wp-content\\\/uploads\\\/2025\\\/02\\\/C590AAF2-18FD-4BE8-9222-3BF0072F0E51_1_105_c.jpeg&quot;},{&quot;id&quot;:348,&quot;url&quot;:&quot;https:\\\/\\\/www.jestrabicamping.cz\\\/wp-content\\\/uploads\\\/2025\\\/02\\\/E8BAD7EB-C1FF-4962-BEFA-5FC50192BEDA_1_105_c.jpeg&quot;},{&quot;id&quot;:155,&quot;url&quot;:&quot;https:\\\/\\\/www.jestrabicamping.cz\\\/wp-content\\\/uploads\\\/2021\\\/06\\\/IMG_2907.jpeg&quot;},{&quot;id&quot;:153,&quot;url&quot;:&quot;https:\\\/\\\/www.jestrabicamping.cz\\\/wp-content\\\/uploads\\\/2021\\\/06\\\/IMG_10031-scaled-1.jpg&quot;},{&quot;id&quot;:134,&quot;url&quot;:&quot;https:\\\/\\\/www.jestrabicamping.cz\\\/wp-content\\\/uploads\\\/2020\\\/05\\\/cropped-thumb_IMG_3406_1024.jpg&quot;}],&quot;background_slideshow_slide_duration&quot;:10000,&quot;background_slideshow_ken_burns&quot;:&quot;yes&quot;,&quot;background_slideshow_ken_burns_zoom_direction&quot;:&quot;out&quot;,&quot;background_slideshow_loop&quot;:&quot;yes&quot;,&quot;background_slideshow_slide_transition&quot;:&quot;fade&quot;,&quot;background_slideshow_transition_duration&quot;:500}\">\n\t\t\t<div class=\"elementor-widget-wrap elementor-element-populated\">\n\t\t\t\t\t\t\t\t<div class=\"elementor-element elementor-element-c99ab44 elementor-widget elementor-widget-spacer\" data-id=\"c99ab44\" data-element_type=\"widget\" data-widget_type=\"spacer.default\">\n\t\t\t\t<div class=\"elementor-widget-container\">\n\t\t\t\t\t<div class=\"elementor-spacer\">\n\t\t\t<div class=\"elementor-spacer-inner\"><\/div>\n\t\t<\/div>\n\t\t\t\t<\/div>\n\t\t\t\t<\/div>\n\t\t\t\t\t<\/div>\n\t\t<\/div>\n\t\t\t\t\t\t\t<\/div>\n\t\t<\/section>\n\t\t\t\t<section class=\"elementor-section elementor-top-section elementor-element elementor-element-522d277 elementor-section-full_width elementor-section-height-default elementor-section-height-default\" data-id=\"522d277\" data-element_type=\"section\">\n\t\t\t\t\t\t<div class=\"elementor-container elementor-column-gap-default\">\n\t\t\t\t\t<div class=\"elementor-column elementor-col-33 elementor-top-column elementor-element elementor-element-d2fc59e\" data-id=\"d2fc59e\" data-element_type=\"column\">\n\t\t\t<div class=\"elementor-widget-wrap\">\n\t\t\t\t\t\t\t\t\t<\/div>\n\t\t<\/div>\n\t\t\t\t<div class=\"elementor-column elementor-col-33 elementor-top-column elementor-element elementor-element-bc2b535\" data-id=\"bc2b535\" data-element_type=\"column\">\n\t\t\t<div class=\"elementor-widget-wrap\">\n\t\t\t\t\t\t\t\t\t<\/div>\n\t\t<\/div>\n\t\t\t\t<div class=\"elementor-column elementor-col-33 elementor-top-column elementor-element elementor-element-e8e45d4\" data-id=\"e8e45d4\" data-element_type=\"column\">\n\t\t\t<div class=\"elementor-widget-wrap\">\n\t\t\t\t\t\t\t\t\t<\/div>\n\t\t<\/div>\n\t\t\t\t\t\t\t<\/div>\n\t\t<\/section>\n\t\t\t\t<section class=\"elementor-section elementor-top-section elementor-element elementor-element-a114683 elementor-section-full_width elementor-section-height-default elementor-section-height-default\" data-id=\"a114683\" data-element_type=\"section\">\n\t\t\t\t\t\t<div class=\"elementor-container elementor-column-gap-default\">\n\t\t\t\t\t<div class=\"elementor-column elementor-col-33 elementor-top-column elementor-element elementor-element-fc96731\" data-id=\"fc96731\" data-element_type=\"column\">\n\t\t\t<div class=\"elementor-widget-wrap\">\n\t\t\t\t\t\t\t\t\t<\/div>\n\t\t<\/div>\n\t\t\t\t<div class=\"elementor-column elementor-col-33 elementor-top-column elementor-element elementor-element-f96c085\" data-id=\"f96c085\" data-element_type=\"column\">\n\t\t\t<div class=\"elementor-widget-wrap elementor-element-populated\">\n\t\t\t\t\t\t\t\t<div class=\"elementor-element elementor-element-519104d elementor-widget elementor-widget-eael-adv-tabs\" data-id=\"519104d\" data-element_type=\"widget\" data-widget_type=\"eael-adv-tabs.default\">\n\t\t\t\t<div class=\"elementor-widget-container\">\n\t\t\t        <div id=\"eael-advance-tabs-519104d\" class=\"eael-advance-tabs eael-tabs-horizontal\" data-tabid=\"519104d\">\n            <div class=\"eael-tabs-nav\">\n                <ul class=\"eael-tab-top-icon\">\n                                            <li id=\"o-ns\" class=\"inactive eael-tab-item-trigger\">\n                            \n                                                                <i class=\"fas fa-campground\"><\/i>                                                            \n                            \n                                                            <span class=\"eael-tab-title title-after-icon\">O n\u00e1s<\/span>\n                                                    <\/li>\n                                            <li id=\"cenk\" class=\"inactive eael-tab-item-trigger\">\n                            \n                                                                <i class=\"fas fa-coins\"><\/i>                                                            \n                            \n                                                            <span class=\"eael-tab-title title-after-icon\">Cen\u00edk<\/span>\n                                                    <\/li>\n                                            <li id=\"kontakt\" class=\"inactive eael-tab-item-trigger\">\n                            \n                                                                <i class=\"far fa-address-card\"><\/i>                                                            \n                            \n                                                            <span class=\"eael-tab-title title-after-icon\">kontakt<\/span>\n                                                    <\/li>\n                                    <\/ul>\n            <\/div>\n            <div class=\"eael-tabs-content\">\n\t\t        \n                    <div id=\"o-ns-tab\" class=\"clearfix eael-tab-content-item inactive\" data-title-link=\"o-ns-tab\">\n\t\t\t\t        \t\t\t\t\t        <h3 style=\"text-align: center;\"><span style=\"color: #333333;\"><strong>\u00a0\u00a0<\/strong><\/span><\/h3><h3 style=\"text-align: center;\"><span style=\"color: #ff6600;\"><strong>Letos se br\u00e1ny kempu otev\u0159ou <\/strong><\/span><\/h3><h3 style=\"text-align: center;\"><span style=\"color: #ff6600;\"><strong>v<\/strong><\/span><span style=\"color: #ff6600;\"><strong> p\u00e1tek 24.4. 2026 <\/strong><\/span><\/h3><h3 style=\"text-align: center;\"><span style=\"color: #ff6600;\"><strong>a se sez\u00f3nou se rozlou\u010d\u00edme 30.9. 2026<\/strong><\/span><\/h3><h3><span style=\"color: #ff6600;\"><strong>\u00a0 \u00a0\u00a0<\/strong><\/span><\/h3><h3 style=\"text-align: left;\"><span style=\"color: #333333;\"><strong> <img loading=\"lazy\" decoding=\"async\" class=\"size-medium wp-image-360 aligncenter\" src=\"https:\/\/www.jestrabicamping.cz\/wp-content\/uploads\/2025\/02\/Jestrabi3_logo-300x59.jpg\" alt=\"\" width=\"300\" height=\"59\" srcset=\"https:\/\/www.jestrabicamping.cz\/wp-content\/uploads\/2025\/02\/Jestrabi3_logo-300x59.jpg 300w, https:\/\/www.jestrabicamping.cz\/wp-content\/uploads\/2025\/02\/Jestrabi3_logo-1024x202.jpg 1024w, https:\/\/www.jestrabicamping.cz\/wp-content\/uploads\/2025\/02\/Jestrabi3_logo-768x151.jpg 768w, https:\/\/www.jestrabicamping.cz\/wp-content\/uploads\/2025\/02\/Jestrabi3_logo-1536x302.jpg 1536w, https:\/\/www.jestrabicamping.cz\/wp-content\/uploads\/2025\/02\/Jestrabi3_logo-2048x403.jpg 2048w, https:\/\/www.jestrabicamping.cz\/wp-content\/uploads\/2025\/02\/Jestrabi3_logo-1568x309.jpg 1568w\" sizes=\"auto, (max-width: 300px) 100vw, 300px\" \/><\/strong><\/span><\/h3><h3 style=\"text-align: left;\"><span style=\"color: #333333;\"><strong>\u00a0\u00a0\u00a0\u00a0\u00a0\u00a0\u00a0\u00a0\u00a0\u00a0\u00a0\u00a0\u00a0\u00a0\u00a0\u00a0\u00a0\u00a0\u00a0\u00a0 <br \/><\/strong><\/span><\/h3><p><strong>Kemp <\/strong>m\u00e1 p\u0159\u00edjemnou rodinnou a p\u0159\u00e1telskou atmosf\u00e9ru. Le\u017e\u00ed p\u0159\u00edmo u vodn\u00ed n\u00e1dr\u017ee Lipno v jej\u00ed nej\u0161ir\u0161\u00ed \u010d\u00e1sti.\u00a0Pl\u00e1\u017e v kempu lze vyu\u017e\u00edt ke koup\u00e1n\u00ed, ryba\u0159en\u00ed, ur\u010dit\u011b k \u010d\u00edm d\u00e1l v\u00edc obl\u00edben\u00e9mu l\u00edt\u00e1n\u00ed po vod\u011b s windsurfem, kitem nebo wingem\u00a0a dal\u0161\u00edm vodn\u00edm sport\u016fm.<\/p><p>\u00a0<\/p><p>Romantick\u00fd z\u00e1pad slunce na pl\u00e1\u017ei vezme za srdce a nikdy se neokouk\u00e1. Ide\u00e1ln\u00ed poloha v obci \u010cern\u00e1 v Po\u0161umav\u00ed vyz\u00edv\u00e1 ke sportovn\u00edm i turistick\u00fdm aktivit\u00e1m v rozmanit\u00e9 \u0161umavsk\u00e9 p\u0159\u00edrod\u011b a n\u00e1v\u0161t\u011bv\u00e1m mnoha historick\u00fdch a kulturn\u00edch m\u00edst v bl\u00edzk\u00e9m okol\u00ed.<\/p><p>\u00a0<\/p><p>Ubytov\u00e1n\u00ed je mo\u017en\u00e9 ve vlastn\u00edch stanech, karavanech \u010di obytn\u00fdch vozech i pod \u0161ir\u00e1kem. Kemp je vybaven soci\u00e1ln\u00edm za\u0159\u00edzen\u00edm s WC a sprchou, je zde k\u00a0dispozici tak\u00e9 pra\u010dka.<\/p><p>\u00a0<\/p><p><strong>Osv\u011b\u017eovna <\/strong>je ned\u00edlnou sou\u010d\u00e1st\u00ed kempu, otev\u0159en\u00e1 i pro neubytovan\u00e9 hosty. Specialitami osv\u011b\u017eovny jsou n\u011bkolik druh\u016f opravdu dom\u00e1c\u00ed pizzy<\/p><p>a \u0161\u0165avnat\u00e9 burgry. V nab\u00eddce nechyb\u00ed to\u010den\u00e9 pivo Bernard, to\u010den\u00e1 citron\u00e1da a velk\u00fd v\u00fdb\u011br dal\u0161\u00edch nealko i alko n\u00e1poj\u016f. V\u00a0hlavn\u00ed sez\u00f3n\u011b lze objednat \u010derstv\u00e9 pe\u010divo.<\/p><p>\u00a0<\/p><p><strong>Vy\u017eit\u00ed v okol\u00ed<\/strong><\/p><p><a href=\"https:\/\/www.motokary-lipno.cz\/\">https:\/\/www.motokary-lipno.cz\/<\/a><\/p><p><a href=\"https:\/\/www.pravejletnak.cz\/\">https:\/\/www.pravejletnak.cz\/<\/a><\/p><p><a href=\"https:\/\/www.windypoint.cz\/\">https:\/\/www.windypoint.cz\/<\/a><\/p><p><a href=\"https:\/\/www.adventurepark.cz\/lanovy-park\">https:\/\/www.adventurepark.cz\/lanovy-park<\/a><\/p><p><a href=\"https:\/\/g.co\/kgs\/Z2b3DHg\">https:\/\/g.co\/kgs\/Z2b3DHg<\/a><\/p><p><a href=\"https:\/\/www.lipno-line.com\/\">https:\/\/www.lipno-line.com\/<\/a><\/p><p><a href=\"https:\/\/pohadkovarezervace.cz\/\">https:\/\/pohadkovarezervace.cz\/<\/a><\/p>\t\t\t\t                            <\/div>\n\t\t        \n                    <div id=\"cenk-tab\" class=\"clearfix eael-tab-content-item inactive\" data-title-link=\"cenk-tab\">\n\t\t\t\t        \t\t\t\t\t        <table><tbody><tr><td><b>CEN\u00cdK 2026<\/b><\/td><td><p>vedelej\u0161\u00ed sez\u00f3na<\/p><p>24.4. - 21.6.<\/p><p>31.8. - 30.9.<\/p><\/td><td><p>hlavn\u00ed sez\u00f3na<\/p><p>22.6. - 30.8.<\/p><\/td><\/tr><tr><td>\u00a0<\/td><td>\u00a0<\/td><td>\u00a0<\/td><\/tr><tr><td>osoba od 18 let<\/td><td>130 K\u010d<\/td><td>170 K\u010d<\/td><\/tr><tr><td>rekrea\u010dn\u00ed poplatek - osoby od 18let<\/td><td>40 K\u010d<\/td><td>40 K\u010d<\/td><\/tr><tr><td>osoby 15-17 let<\/td><td>130 K\u010d<\/td><td>170 K\u010d<\/td><\/tr><tr><td>d\u011bti 6-14 let<\/td><td>105 K\u010d<\/td><td>120 K\u010d<\/td><\/tr><tr><td>d\u011bti do 5 let v\u010detn\u011b<\/td><td>zdarma<\/td><td>zdarma<\/td><\/tr><tr><td>osobn\u00ed auto<\/td><td>115 K\u010d<\/td><td>150 K\u010d<\/td><\/tr><tr><td>mikrobus, dod\u00e1vka<\/td><td>150 K\u010d<\/td><td>195 K\u010d<\/td><\/tr><tr><td>motocykl, p\u0159\u00edv\u011bsn\u00fd voz\u00edk<\/td><td>90 K\u010d<\/td><td>115 K\u010d<\/td><\/tr><tr><td>obytn\u00e9 auto<\/td><td>205 K\u010d<\/td><td>280 K\u010d<\/td><\/tr><tr><td>obytn\u00fd p\u0159\u00edv\u011bs<\/td><td>160 K\u010d<\/td><td>195 K\u010d<\/td><\/tr><tr><td>stan mal\u00fd (pro 2 osoby)<\/td><td>115 K\u010d<\/td><td>150 K\u010d<\/td><\/tr><tr><td>stan velk\u00fd<\/td><td>160 K\u010d<\/td><td>195 K\u010d<\/td><\/tr><tr><td>pes<\/td><td>100 K\u010d<\/td><td>100 K\u010d<\/td><\/tr><tr><td>spot\u0159eba el. energie - 1kWh***<\/td><td>14 K\u010d<\/td><td>14 K\u010d<\/td><\/tr><\/tbody><\/table><p><i>*** el. energie je \u00fa\u010dtov\u00e1na dle skute\u010dn\u00e9 spot\u0159eby.<\/i><\/p><p><i>Ceny jsou uveden\u00e9 v\u010detn\u011b DPH.<\/i><\/p><table><tbody><tr><td><b>Dlouhodob\u00e9 pobyty<\/b><\/td><td>\u00a0<\/td><td>\u00a0<\/td><\/tr><tr><td>vedlej\u0161\u00ed sez\u00f3na<\/td><td>hlavn\u00ed sez\u00f3na<\/td><td>\u00a0<\/td><\/tr><tr><td>m\u011bs\u00edce 5, 6, 9<\/td><td>m\u011bs\u00edce 7, 8<\/td><td>\u00a0<\/td><\/tr><tr><td>13200K\u010d\/m\u011bs\u00edc<\/td><td>21100K\u010d\/m\u011bs\u00edc<\/td><td>m\u00edsta u vody<\/td><\/tr><tr><td>13200K\u010d\/m\u011bs\u00edc<\/td><td>16200K\u010d\/m\u011bs\u00edc<\/td><td>ostatn\u00ed m\u00edsta<\/td><\/tr><tr><td>14 K\u010d \/ 1kWh<\/td><td>14 K\u010d \/ 1kWh<\/td><td>spot\u0159eba el. energie - 1kWh***<\/td><\/tr><\/tbody><\/table><p><i>Dlouhodob\u00fd pobyt obsahuje: jeden stan nebo karavan, jedno osobn\u00ed auto a max. 4 osoby.<\/i><\/p><p><i>*** el. energie je \u00fa\u010dtov\u00e1na dle skute\u010dn\u00e9 spot\u0159eby.<\/i><\/p><p><i>Cena nezahrnuje rekrea\u010dn\u00ed poplatek 40K\u010d\/noc za ka\u017edou osobu od 18 let.<\/i><\/p><p><i>Ceny jsou uveden\u00e9 v\u010detn\u011b DPH<\/i><\/p>\t\t\t\t                            <\/div>\n\t\t        \n                    <div id=\"kontakt-tab\" class=\"clearfix eael-tab-content-item inactive\" data-title-link=\"kontakt-tab\">\n\t\t\t\t        \t\t\t\t\t        <h2><strong>Kemp Jest\u0159\u00e1b\u00ed 3<\/strong><\/h2><h3>\u010cern\u00e1 v Po\u0161umav\u00ed 382 23<br \/>Lucie Kaplanov\u00e1 S\u00e9ligrov\u00e1<br \/>I\u010cO: 68838310<br \/>email: info@jestrabicamping.cz<br \/>telefon: +420 704 248 898<\/h3><p><iframe loading=\"lazy\" style=\"border: 0;\" tabindex=\"0\" src=\"https:\/\/www.google.com\/maps\/embed?pb=!1m14!1m8!1m3!1d168422.297431615!2d14.099006!3d48.732265!3m2!1i1024!2i768!4f13.1!3m3!1m2!1s0x0%3A0x2793884b0db59077!2zSmVzdMWZw6Fiw60gMywga2VtcCBhIG9zdsSbxb5vdm5h!5e0!3m2!1scs!2scz!4v1590322774961!5m2!1scs!2scz\" width=\"600\" height=\"450\" frameborder=\"0\" allowfullscreen=\"allowfullscreen\" aria-hidden=\"false\"><\/iframe><\/p>\t\t\t\t                            <\/div>\n\t\t                    <\/div>\n        <\/div>\n\t\t<\/div>\n\t\t\t\t<\/div>\n\t\t\t\t\t<\/div>\n\t\t<\/div>\n\t\t\t\t<div class=\"elementor-column elementor-col-33 elementor-top-column elementor-element elementor-element-8e78295\" data-id=\"8e78295\" data-element_type=\"column\">\n\t\t\t<div class=\"elementor-widget-wrap elementor-element-populated\">\n\t\t\t\t\t\t\t\t<div class=\"elementor-element elementor-element-6de989e elementor-widget elementor-widget-text-editor\" data-id=\"6de989e\" data-element_type=\"widget\" data-widget_type=\"text-editor.default\">\n\t\t\t\t<div class=\"elementor-widget-container\">\n\t\t\t<style>\/*! elementor - v3.5.5 - 03-02-2022 *\/\n.elementor-widget-text-editor.elementor-drop-cap-view-stacked .elementor-drop-cap{background-color:#818a91;color:#fff}.elementor-widget-text-editor.elementor-drop-cap-view-framed .elementor-drop-cap{color:#818a91;border:3px solid;background-color:transparent}.elementor-widget-text-editor:not(.elementor-drop-cap-view-default) .elementor-drop-cap{margin-top:8px}.elementor-widget-text-editor:not(.elementor-drop-cap-view-default) .elementor-drop-cap-letter{width:1em;height:1em}.elementor-widget-text-editor .elementor-drop-cap{float:left;text-align:center;line-height:1;font-size:50px}.elementor-widget-text-editor .elementor-drop-cap-letter{display:inline-block}<\/style>\t\t\t\t<iframe loading=\"lazy\" src=\"https:\/\/docs.google.com\/forms\/d\/e\/1FAIpQLSe8FaIdpzA46f3j4-wYb7-pJSXTLcKdQKmERd00-0IGXPm9zw\/viewform?embedded=true\" width=\"640\" height=\"1453\" frameborder=\"0\" marginheight=\"0\" marginwidth=\"0\">Na\u010d\u00edt\u00e1n\u00ed\u2026<\/iframe>\t\t\t\t\t\t<\/div>\n\t\t\t\t<\/div>\n\t\t\t\t\t<\/div>\n\t\t<\/div>\n\t\t\t\t\t\t\t<\/div>\n\t\t<\/section>\n\t\t\t\t<section class=\"elementor-section elementor-top-section elementor-element elementor-element-8e36e70 elementor-section-full_width elementor-section-height-default elementor-section-height-default\" data-id=\"8e36e70\" data-element_type=\"section\">\n\t\t\t\t\t\t<div class=\"elementor-container elementor-column-gap-default\">\n\t\t\t\t\t<div class=\"elementor-column elementor-col-33 elementor-top-column elementor-element elementor-element-cd3b042\" data-id=\"cd3b042\" data-element_type=\"column\">\n\t\t\t<div class=\"elementor-widget-wrap\">\n\t\t\t\t\t\t\t\t\t<\/div>\n\t\t<\/div>\n\t\t\t\t<div class=\"elementor-column elementor-col-33 elementor-top-column elementor-element elementor-element-a537525\" data-id=\"a537525\" data-element_type=\"column\">\n\t\t\t<div class=\"elementor-widget-wrap\">\n\t\t\t\t\t\t\t\t\t<\/div>\n\t\t<\/div>\n\t\t\t\t<div class=\"elementor-column elementor-col-33 elementor-top-column elementor-element elementor-element-04974bc\" data-id=\"04974bc\" data-element_type=\"column\">\n\t\t\t<div class=\"elementor-widget-wrap\">\n\t\t\t\t\t\t\t\t\t<\/div>\n\t\t<\/div>\n\t\t\t\t\t\t\t<\/div>\n\t\t<\/section>\n\t\t\t\t\t\t<\/div>\n\t\t\t\t\t<\/div>\n\t\t","protected":false},"excerpt":{"rendered":"<p>O n\u00e1s Cen\u00edk kontakt \u00a0\u00a0 Letos se br\u00e1ny kempu otev\u0159ou v p\u00e1tek 24.4. 2026 a se sez\u00f3nou se rozlou\u010d\u00edme 30.9. 2026 \u00a0 \u00a0\u00a0 \u00a0\u00a0\u00a0\u00a0\u00a0\u00a0\u00a0\u00a0\u00a0\u00a0\u00a0\u00a0\u00a0\u00a0\u00a0\u00a0\u00a0\u00a0\u00a0\u00a0 Kemp m\u00e1 p\u0159\u00edjemnou rodinnou a p\u0159\u00e1telskou atmosf\u00e9ru. Le\u017e\u00ed p\u0159\u00edmo u vodn\u00ed n\u00e1dr\u017ee Lipno v jej\u00ed nej\u0161ir\u0161\u00ed \u010d\u00e1sti.\u00a0Pl\u00e1\u017e v kempu lze vyu\u017e\u00edt ke koup\u00e1n\u00ed, ryba\u0159en\u00ed, ur\u010dit\u011b k \u010d\u00edm d\u00e1l v\u00edc obl\u00edben\u00e9mu l\u00edt\u00e1n\u00ed&hellip; <a class=\"more-link\" href=\"https:\/\/www.jestrabicamping.cz\/\">Pokra\u010dovat ve\u00a0\u010dten\u00ed <span class=\"screen-reader-text\">Kemp Jest\u0159\u00e1b\u00ed 3<\/span><\/a><\/p>\n","protected":false},"author":1,"featured_media":268,"parent":0,"menu_order":0,"comment_status":"closed","ping_status":"closed","template":"elementor_canvas","meta":{"footnotes":""},"class_list":["post-6","page","type-page","status-publish","has-post-thumbnail","hentry","entry"],"_links":{"self":[{"href":"https:\/\/www.jestrabicamping.cz\/index.php?rest_route=\/wp\/v2\/pages\/6","targetHints":{"allow":["GET"]}}],"collection":[{"href":"https:\/\/www.jestrabicamping.cz\/index.php?rest_route=\/wp\/v2\/pages"}],"about":[{"href":"https:\/\/www.jestrabicamping.cz\/index.php?rest_route=\/wp\/v2\/types\/page"}],"author":[{"embeddable":true,"href":"https:\/\/www.jestrabicamping.cz\/index.php?rest_route=\/wp\/v2\/users\/1"}],"replies":[{"embeddable":true,"href":"https:\/\/www.jestrabicamping.cz\/index.php?rest_route=%2Fwp%2Fv2%2Fcomments&post=6"}],"version-history":[{"count":153,"href":"https:\/\/www.jestrabicamping.cz\/index.php?rest_route=\/wp\/v2\/pages\/6\/revisions"}],"predecessor-version":[{"id":383,"href":"https:\/\/www.jestrabicamping.cz\/index.php?rest_route=\/wp\/v2\/pages\/6\/revisions\/383"}],"wp:featuredmedia":[{"embeddable":true,"href":"https:\/\/www.jestrabicamping.cz\/index.php?rest_route=\/wp\/v2\/media\/268"}],"wp:attachment":[{"href":"https:\/\/www.jestrabicamping.cz\/index.php?rest_route=%2Fwp%2Fv2%2Fmedia&parent=6"}],"curies":[{"name":"wp","href":"https:\/\/api.w.org\/{rel}","templated":true}]}}